{"id":240,"date":"2023-06-28T15:26:22","date_gmt":"2023-06-28T13:26:22","guid":{"rendered":"https:\/\/www.sc-rain.de\/?page_id=240"},"modified":"2023-06-28T15:26:22","modified_gmt":"2023-06-28T13:26:22","slug":"badminton","status":"publish","type":"page","link":"https:\/\/www.sc-rain.de\/?page_id=240","title":{"rendered":"Badminton"},"content":{"rendered":"\n<p>Wir sind eine gemischte Gruppe von Freizeitspielern die Spa\u00df am Badminton haben. Egal ob jung oder alt, seit ihr jederzeit herzlich willkommen.<br>Zum Ausprobieren braucht ihr lediglich Sportkleidung und Hallenschuhe mit heller Sohle.<br>B\u00e4lle und Schl\u00e4ger stellen wir euch gerne zur Verf\u00fcgung.<br><br><br><strong>Trainingszeiten:<\/strong><br><strong>Freitags ab 18:30 in der Mehrzweckhalle der Mittelschule Rain<\/strong><\/p>\n\n\n\n<p><br>Kontakt:<br><br>1.Vorstand<br>Martin Habrunner<br>Breitenweg 8<br>94369&nbsp;Rain<br>01523 4119379<br><a href=\"mailto:martin.habrunner@gmx.de\" target=\"_blank\" rel=\"noreferrer noopener\">martin.habrunner@gmx.de<\/a><\/p>\n","protected":false},"excerpt":{"rendered":"<p>Wir sind eine gemischte Gruppe von Freizeitspielern die Spa\u00df am Badminton haben. Egal ob jung oder alt, seit ihr jederzeit herzlich willkommen.Zum Ausprobieren braucht ihr lediglich Sportkleidung und Hallenschuhe mit heller Sohle.B\u00e4lle und Schl\u00e4ger stellen wir euch gerne zur Verf\u00fcgung. &hellip; <a href=\"https:\/\/www.sc-rain.de\/?page_id=240\">Weiterlesen <span class=\"meta-nav\">&rarr;<\/span><\/a><\/p>\n","protected":false},"author":1,"featured_media":0,"parent":0,"menu_order":0,"comment_status":"closed","ping_status":"closed","template":"","meta":{"footnotes":""},"class_list":["post-240","page","type-page","status-publish","hentry"],"_links":{"self":[{"href":"https:\/\/www.sc-rain.de\/index.php?rest_route=\/wp\/v2\/pages\/240","targetHints":{"allow":["GET"]}}],"collection":[{"href":"https:\/\/www.sc-rain.de\/index.php?rest_route=\/wp\/v2\/pages"}],"about":[{"href":"https:\/\/www.sc-rain.de\/index.php?rest_route=\/wp\/v2\/types\/page"}],"author":[{"embeddable":true,"href":"https:\/\/www.sc-rain.de\/index.php?rest_route=\/wp\/v2\/users\/1"}],"replies":[{"embeddable":true,"href":"https:\/\/www.sc-rain.de\/index.php?rest_route=%2Fwp%2Fv2%2Fcomments&post=240"}],"version-history":[{"count":1,"href":"https:\/\/www.sc-rain.de\/index.php?rest_route=\/wp\/v2\/pages\/240\/revisions"}],"predecessor-version":[{"id":241,"href":"https:\/\/www.sc-rain.de\/index.php?rest_route=\/wp\/v2\/pages\/240\/revisions\/241"}],"wp:attachment":[{"href":"https:\/\/www.sc-rain.de\/index.php?rest_route=%2Fwp%2Fv2%2Fmedia&parent=240"}],"curies":[{"name":"wp","href":"https:\/\/api.w.org\/{rel}","templated":true}]}}