{"id":22,"date":"2023-02-05T10:52:37","date_gmt":"2023-02-05T10:52:37","guid":{"rendered":"https:\/\/sc-rain.de\/?page_id=22"},"modified":"2023-02-06T11:08:50","modified_gmt":"2023-02-06T10:08:50","slug":"steckbrief","status":"publish","type":"page","link":"https:\/\/www.sc-rain.de\/?page_id=22","title":{"rendered":"Steckbrief"},"content":{"rendered":"\n<h1 class=\"wp-block-heading\">ABTEILUNG FUSSBALL<\/h1>\n\n\n\n<p>Die Fu\u00dfballabteilung geh\u00f6rt zum SC Rain e.V., welcher im Jahr 1928 von sportbegeisterten Mitgliedern der Gemeinde Rain gegr\u00fcndet wurde. Seit fast 90 Jahren ist der Verein die sportliche Heimat von knapp 250 aktiven Fu\u00dfballern, die vorrangig aus den Orten und Gemeinden rund um die VG Rain stammen. Durch die sportlichen Erfolge der vergangenen Jahre konnten unsere Fu\u00dfballer aber auch jede Menge neue Mitglieder aus dem ganzen Landkreis willkommen hei\u00dfen.<\/p>\n\n\n\n<p>In unserer Abteilung erfahren zudem<strong>&nbsp;180 Kinder und Jugendliche<\/strong>&nbsp;eine Sportf\u00f6rderung und die Pflege zwischenmenschlicher und sozialer Kontakte. Wir sind in Jugendbereich mit Mannschaften in allen Altersklassen vertreten.<\/p>\n\n\n\n<p>Auf diesen Beitrag zur Integration von jungen Menschen in das Vereinsleben und die damit verbundene Unterst\u00fctzung der Eltern sind wir sehr stolz. Seit M\u00e4rz 2021 leiten Klaus Barkenstein, Mario Vogt und Thomas Scherer als Abteilungsleiter der Sparte Fu\u00dfball die Geschicke des SC Rain. Tatkr\u00e4ftige Unterst\u00fctzung erfahren sie zudem durch die Jugendleitung in Person von Kerstin Bl\u00fcmle und Christian Dubrau, dem sportlichen Leiter Markus Meier sowie vom Kassier Franz Boneder.<\/p>\n\n\n\n<figure class=\"wp-block-image size-full\"><img loading=\"lazy\" decoding=\"async\" width=\"800\" height=\"497\" src=\"https:\/\/www.sc-rain.de\/wp-content\/uploads\/2023\/02\/Vereinsheim.jpg\" alt=\"\" class=\"wp-image-68\" srcset=\"https:\/\/www.sc-rain.de\/wp-content\/uploads\/2023\/02\/Vereinsheim.jpg 800w, https:\/\/www.sc-rain.de\/wp-content\/uploads\/2023\/02\/Vereinsheim-300x186.jpg 300w, https:\/\/www.sc-rain.de\/wp-content\/uploads\/2023\/02\/Vereinsheim-768x477.jpg 768w\" sizes=\"auto, (max-width: 800px) 100vw, 800px\" \/><figcaption class=\"wp-element-caption\">Vereinsheim<\/figcaption><\/figure>\n\n\n\n<p>Ein Verein wie der SC Rain, welcher zu den gr\u00f6\u00dften Sportvereinen im Landkreis z\u00e4hlt, muss fast wie ein kleines Unternehmen gef\u00fchrt werden. Neben den sportlichen Aspekten gibt es mittlerweile auch neben dem Platz viele Aufgaben, die rund um den Verein koordiniert werden m\u00fcssen. Schlie\u00dflich wollen wir den Verein so repr\u00e4sentieren, wie es sich unsere Mitglieder und Sponsoren vorstellen.<\/p>\n\n\n\n<p>Das Vereinsheim wurde 1989 durch die Gemeinde Rain errichtet und beheimatet neben den Fu\u00dfballern des SC Rain auch die Musikgruppen der Bl\u00e4serfreunde Rain. Dem SC Rain stehen u.a. f\u00fcnf Umkleidebereiche mit Nassbereich, ein Verkaufsraum, ein B\u00fcrobereich, ein Raum f\u00fcr Trainingsger\u00e4tschaften sowie ein kleiner Sozialraum zur Verf\u00fcgung.<\/p>\n\n\n\n<figure class=\"wp-block-image size-full\"><img loading=\"lazy\" decoding=\"async\" width=\"749\" height=\"563\" src=\"https:\/\/www.sc-rain.de\/wp-content\/uploads\/2023\/02\/Platz.jpg\" alt=\"\" class=\"wp-image-69\" srcset=\"https:\/\/www.sc-rain.de\/wp-content\/uploads\/2023\/02\/Platz.jpg 749w, https:\/\/www.sc-rain.de\/wp-content\/uploads\/2023\/02\/Platz-300x226.jpg 300w\" sizes=\"auto, (max-width: 749px) 100vw, 749px\" \/><figcaption class=\"wp-element-caption\">Platz<\/figcaption><\/figure>\n\n\n\n<p>Unser Sportgel\u00e4nde, bestehend aus einem Haupt- und einem Trainingsplatz, bietet Platz f\u00fcr alle Heimspiele des SC Rain. Der Trainingsplatz besitzt au\u00dferdem eine Flutlichtanlage, die es uns erm\u00f6glicht auch abends Trainingseinheiten abzuhalten. Beide Pl\u00e4tze sind zus\u00e4tzlich mit einer Beregnungsanlage ausgestattet. Die Sportplatzpflege liegt in den H\u00e4nden des vereinsinternen Platzwartes, die M\u00e4harbeiten \u00fcbernimmt der Bauhof der Gemeinde Rain.<\/p>\n","protected":false},"excerpt":{"rendered":"<p>ABTEILUNG FUSSBALL Die Fu\u00dfballabteilung geh\u00f6rt zum SC Rain e.V., welcher im Jahr 1928 von sportbegeisterten Mitgliedern der Gemeinde Rain gegr\u00fcndet wurde. Seit fast 90 Jahren ist der Verein die sportliche Heimat von knapp 250 aktiven Fu\u00dfballern, die vorrangig aus den &hellip; <a href=\"https:\/\/www.sc-rain.de\/?page_id=22\">Weiterlesen <span class=\"meta-nav\">&rarr;<\/span><\/a><\/p>\n","protected":false},"author":1,"featured_media":0,"parent":0,"menu_order":0,"comment_status":"closed","ping_status":"closed","template":"","meta":{"footnotes":""},"class_list":["post-22","page","type-page","status-publish","hentry"],"_links":{"self":[{"href":"https:\/\/www.sc-rain.de\/index.php?rest_route=\/wp\/v2\/pages\/22","targetHints":{"allow":["GET"]}}],"collection":[{"href":"https:\/\/www.sc-rain.de\/index.php?rest_route=\/wp\/v2\/pages"}],"about":[{"href":"https:\/\/www.sc-rain.de\/index.php?rest_route=\/wp\/v2\/types\/page"}],"author":[{"embeddable":true,"href":"https:\/\/www.sc-rain.de\/index.php?rest_route=\/wp\/v2\/users\/1"}],"replies":[{"embeddable":true,"href":"https:\/\/www.sc-rain.de\/index.php?rest_route=%2Fwp%2Fv2%2Fcomments&post=22"}],"version-history":[{"count":5,"href":"https:\/\/www.sc-rain.de\/index.php?rest_route=\/wp\/v2\/pages\/22\/revisions"}],"predecessor-version":[{"id":74,"href":"https:\/\/www.sc-rain.de\/index.php?rest_route=\/wp\/v2\/pages\/22\/revisions\/74"}],"wp:attachment":[{"href":"https:\/\/www.sc-rain.de\/index.php?rest_route=%2Fwp%2Fv2%2Fmedia&parent=22"}],"curies":[{"name":"wp","href":"https:\/\/api.w.org\/{rel}","templated":true}]}}