{"id":21,"date":"2023-02-05T10:52:37","date_gmt":"2023-02-05T10:52:37","guid":{"rendered":"https:\/\/sc-rain.de\/?page_id=21"},"modified":"2023-02-06T16:38:01","modified_gmt":"2023-02-06T15:38:01","slug":"schiedsrichter","status":"publish","type":"page","link":"https:\/\/www.sc-rain.de\/?page_id=21","title":{"rendered":"Schiedsrichter"},"content":{"rendered":"\n<h1 class=\"wp-block-heading\">ZEIGE DEINE WAHRE ST\u00c4RKE: WERDE SCHIEDSRICHTER!<\/h1>\n\n\n\n<p>Die Schiedsrichter im Fu\u00dfballkreis Straubing sind eine starke Gemeinschaft: \u00dcber 100 Unparteiische sorgen Woche f\u00fcr Woche auf unseren Sportpl\u00e4tzen f\u00fcr Recht und Ordnung.<\/p>\n\n\n\n<p>Um diese anspruchsvolle Aufgabe leisten zu k\u00f6nnen, braucht man Mut und Charakterst\u00e4rke, Durchsetzungsverm\u00f6gen und Entschlusskraft. Gerade f\u00fcr junge Menschen ist die T\u00e4tigkeit des Fu\u00dfballschiedsrichters eine ideale Gelegenheit, die eigene Pers\u00f6nlichkeit zu entwickeln und F\u00e4higkeiten zu trainieren, die auch in anderen Lebensbereichen n\u00fctzlich sind.<\/p>\n\n\n\n<h2 class=\"wp-block-heading\">UNSERE AKTIVEN SCHIEDSRICHTER<\/h2>\n\n\n<div class=\"wp-block-image\">\n<figure class=\"aligncenter size-full\"><img loading=\"lazy\" decoding=\"async\" width=\"200\" height=\"293\" src=\"https:\/\/www.sc-rain.de\/wp-content\/uploads\/2023\/02\/johannes-roth-26228.jpg\" alt=\"\" class=\"wp-image-218\"\/><figcaption class=\"wp-element-caption\">Johannes Roth<\/figcaption><\/figure>\n<\/div>\n\n<div class=\"wp-block-image\">\n<figure class=\"aligncenter size-full\"><img loading=\"lazy\" decoding=\"async\" width=\"326\" height=\"365\" src=\"https:\/\/www.sc-rain.de\/wp-content\/uploads\/2023\/02\/bernd-kucera.png\" alt=\"\" class=\"wp-image-219\" srcset=\"https:\/\/www.sc-rain.de\/wp-content\/uploads\/2023\/02\/bernd-kucera.png 326w, https:\/\/www.sc-rain.de\/wp-content\/uploads\/2023\/02\/bernd-kucera-268x300.png 268w\" sizes=\"auto, (max-width: 326px) 100vw, 326px\" \/><figcaption class=\"wp-element-caption\">Bernd Kuczera<\/figcaption><\/figure>\n<\/div>\n\n\n<p><br>Wir suchen Verst\u00e4rkung und bilden bald wieder neue Schiedsrichter aus. Wir suchen Damen und Herren oder Jungen und M\u00e4dchen ab 14 Jahren, die Interesse am Fu\u00dfballsport haben und regelm\u00e4\u00dfig Spiele leiten wollen. Die Ausbildung erfolgt \u00fcber regelm\u00e4\u00dfig abgehaltene Neulingskurse der Straubinger Schiedsrichter-Gruppe. Die jeweils n\u00e4chsten Kurstermine finden grunds\u00e4tzlich im Fr\u00fchjahr statt. Infos werden hier bekannt gegeben.<\/p>\n\n\n\n<p>Nach der Pr\u00fcfung wirst Du zun\u00e4chst im Jugendbereich eingesetzt. Dann, je nach Alter, im Seniorenbereich. Bei den ersten Spielen wirst Du von einem erfahrenen Schiedsrichter betreut.<\/p>\n\n\n\n<p><strong>Deine Voraussetzungen:<\/strong><\/p>\n\n\n\n<p>&#8211; ab 14 Jahren<\/p>\n\n\n\n<p>&#8211; Bestehen der Schiedsrichterpr\u00fcfung<\/p>\n\n\n\n<p>&#8211; Mitglied in einem Fu\u00dfballverein<\/p>\n\n\n\n<p>&#8211; Spa\u00df am Fu\u00dfball<\/p>\n\n\n\n<p>&#8211; Einsatzbereitschaft<\/p>\n\n\n\n<p>&#8211; Zuverl\u00e4ssigkeit<\/p>\n\n\n\n<p>&#8211; Verantwortung \u00fcbernehmen<\/p>\n\n\n\n<p><strong>Deine pers\u00f6nlichen und beruflichen Vorteile:<\/strong><\/p>\n\n\n\n<p>&#8211; eigenverantwortliche Spielleitungen<\/p>\n\n\n\n<p>(bei den ersten Spielen wirst du betreut)<\/p>\n\n\n\n<p>&#8211; Pers\u00f6nlichkeitsentwicklung<\/p>\n\n\n\n<p>&#8211; Entscheidungsst\u00e4rke<\/p>\n\n\n\n<p>&#8211; Durchsetzungsf\u00e4higkeit<\/p>\n\n\n\n<p>&#8211; Teamf\u00e4higkeit<\/p>\n\n\n\n<p>&#8211; Stressresistenz<\/p>\n\n\n\n<p>&#8211; gezielte F\u00f6rderung<\/p>\n\n\n\n<p>&#8211; Respekt vor anderen Personen<\/p>\n\n\n\n<h3 class=\"wp-block-heading\">Schiedsrichter sind keine Einzelk\u00e4mpfer. Ihnen verdanken wir, dass Woche f\u00fcr Woche Fu\u00dfballspiele stattfinden k\u00f6nnen! Deswegen unterst\u00fctzt der BFV und der SC Rain seine Schiedsrichter!<\/h3>\n\n\n\n<p>Der&nbsp;<strong>BFV<\/strong>&nbsp;bietet dir:<\/p>\n\n\n\n<p>&#8211; Betreuung deiner ersten Spiele<\/p>\n\n\n\n<p>&#8211; Spesen- und Fahrtkostenersatz pro Spielleitung<\/p>\n\n\n\n<p>&#8211; regelm\u00e4\u00dfige Fortbildungsveranstaltungen<\/p>\n\n\n\n<p>&#8211; gute Aufstiegschancen<\/p>\n\n\n\n<p>&#8211; freien Eintritt zu Fu\u00dfballspielen bis hin zur Bundesliga<\/p>\n\n\n\n<p>Der SC Rain bietet dir:<\/p>\n\n\n\n<p>&#8211; beitragsfreie Mitgliedschaft<\/p>\n\n\n\n<p>&#8211; Schiedsrichter-Erstausstattung wird vom Verein gestellt (Bekleidung \/ Ausr\u00fcstung)<\/p>\n\n\n\n<p>&#8211; Lehrgangskosten (Aus- und Fortbildung) \u00fcbernimmt der Verein<\/p>\n\n\n\n<p>&#8211; finanzielle Unterst\u00fctzung<\/p>\n\n\n\n<p><strong>Als Schiedsrichter\/-in gewinnst du wertvolle Erfahrungen, entwickelst deine Pers\u00f6nlichkeit und unterst\u00fctzt ganz direkt deinen Verein. Wir freuen uns auf dich!<\/strong><\/p>\n","protected":false},"excerpt":{"rendered":"<p>ZEIGE DEINE WAHRE ST\u00c4RKE: WERDE SCHIEDSRICHTER! Die Schiedsrichter im Fu\u00dfballkreis Straubing sind eine starke Gemeinschaft: \u00dcber 100 Unparteiische sorgen Woche f\u00fcr Woche auf unseren Sportpl\u00e4tzen f\u00fcr Recht und Ordnung. Um diese anspruchsvolle Aufgabe leisten zu k\u00f6nnen, braucht man Mut und &hellip; <a href=\"https:\/\/www.sc-rain.de\/?page_id=21\">Weiterlesen <span class=\"meta-nav\">&rarr;<\/span><\/a><\/p>\n","protected":false},"author":1,"featured_media":0,"parent":0,"menu_order":0,"comment_status":"closed","ping_status":"closed","template":"","meta":{"footnotes":""},"class_list":["post-21","page","type-page","status-publish","hentry"],"_links":{"self":[{"href":"https:\/\/www.sc-rain.de\/index.php?rest_route=\/wp\/v2\/pages\/21","targetHints":{"allow":["GET"]}}],"collection":[{"href":"https:\/\/www.sc-rain.de\/index.php?rest_route=\/wp\/v2\/pages"}],"about":[{"href":"https:\/\/www.sc-rain.de\/index.php?rest_route=\/wp\/v2\/types\/page"}],"author":[{"embeddable":true,"href":"https:\/\/www.sc-rain.de\/index.php?rest_route=\/wp\/v2\/users\/1"}],"replies":[{"embeddable":true,"href":"https:\/\/www.sc-rain.de\/index.php?rest_route=%2Fwp%2Fv2%2Fcomments&post=21"}],"version-history":[{"count":3,"href":"https:\/\/www.sc-rain.de\/index.php?rest_route=\/wp\/v2\/pages\/21\/revisions"}],"predecessor-version":[{"id":220,"href":"https:\/\/www.sc-rain.de\/index.php?rest_route=\/wp\/v2\/pages\/21\/revisions\/220"}],"wp:attachment":[{"href":"https:\/\/www.sc-rain.de\/index.php?rest_route=%2Fwp%2Fv2%2Fmedia&parent=21"}],"curies":[{"name":"wp","href":"https:\/\/api.w.org\/{rel}","templated":true}]}}